{"id":1335,"date":"2025-10-12T19:39:14","date_gmt":"2025-10-12T19:39:14","guid":{"rendered":"https:\/\/eniyisecimler.com\/?page_id=1335"},"modified":"2025-10-26T20:40:55","modified_gmt":"2025-10-26T20:40:55","slug":"eniyisecimler-youtube-video-incelemeler","status":"publish","type":"page","link":"https:\/\/eniyisecimler.com\/index.php\/eniyisecimler-youtube-video-incelemeler\/","title":{"rendered":"Youtube \u0130ncelemeler"},"content":{"rendered":"\t\t<div data-elementor-type=\"wp-page\" data-elementor-id=\"1335\" class=\"elementor elementor-1335\">\n\t\t\t\t<div class=\"elementor-element elementor-element-06deb80 e-flex e-con-boxed e-con e-parent\" data-id=\"06deb80\" data-element_type=\"container\" data-e-type=\"container\">\n\t\t\t\t\t<div class=\"e-con-inner\">\n\t\t\t\t<div class=\"elementor-element elementor-element-6cef57c elementor-widget elementor-widget-video\" data-id=\"6cef57c\" data-element_type=\"widget\" data-e-type=\"widget\" data-settings=\"{&quot;youtube_url&quot;:&quot;https:\\\/\\\/www.youtube.com\\\/watch?v=ssRaMe0Oclg&quot;,&quot;video_type&quot;:&quot;youtube&quot;,&quot;controls&quot;:&quot;yes&quot;}\" data-widget_type=\"video.default\">\n\t\t\t\t\t\t\t<div class=\"elementor-wrapper elementor-open-inline\">\n\t\t\t<div class=\"elementor-video\"><\/div>\t\t<\/div>\n\t\t\t\t\t\t<\/div>\n\t\t\t\t\t<\/div>\n\t\t\t\t<\/div>\n\t\t<div class=\"elementor-element elementor-element-7b5309b e-flex e-con-boxed e-con e-parent\" data-id=\"7b5309b\" data-element_type=\"container\" data-e-type=\"container\">\n\t\t\t\t\t<div class=\"e-con-inner\">\n\t\t\t\t<div class=\"elementor-element elementor-element-8021f1b elementor-widget elementor-widget-video\" data-id=\"8021f1b\" data-element_type=\"widget\" data-e-type=\"widget\" data-settings=\"{&quot;youtube_url&quot;:&quot;https:\\\/\\\/www.youtube.com\\\/watch?v=RuUls_d0BNs&quot;,&quot;video_type&quot;:&quot;youtube&quot;,&quot;controls&quot;:&quot;yes&quot;}\" data-widget_type=\"video.default\">\n\t\t\t\t\t\t\t<div class=\"elementor-wrapper elementor-open-inline\">\n\t\t\t<div class=\"elementor-video\"><\/div>\t\t<\/div>\n\t\t\t\t\t\t<\/div>\n\t\t\t\t\t<\/div>\n\t\t\t\t<\/div>\n\t\t<div class=\"elementor-element elementor-element-6c30e07 e-flex e-con-boxed e-con e-parent\" data-id=\"6c30e07\" data-element_type=\"container\" data-e-type=\"container\">\n\t\t\t\t\t<div class=\"e-con-inner\">\n\t\t\t\t<div class=\"elementor-element elementor-element-e77770a elementor-widget elementor-widget-video\" data-id=\"e77770a\" data-element_type=\"widget\" data-e-type=\"widget\" data-settings=\"{&quot;youtube_url&quot;:&quot;https:\\\/\\\/www.youtube.com\\\/watch?v=RqcW-garFqI&quot;,&quot;video_type&quot;:&quot;youtube&quot;,&quot;controls&quot;:&quot;yes&quot;}\" data-widget_type=\"video.default\">\n\t\t\t\t\t\t\t<div class=\"elementor-wrapper elementor-open-inline\">\n\t\t\t<div class=\"elementor-video\"><\/div>\t\t<\/div>\n\t\t\t\t\t\t<\/div>\n\t\t\t\t<div class=\"elementor-element elementor-element-b19a0e5 elementor-widget elementor-widget-video\" data-id=\"b19a0e5\" data-element_type=\"widget\" data-e-type=\"widget\" data-settings=\"{&quot;youtube_url&quot;:&quot;https:\\\/\\\/www.youtube.com\\\/watch?v=z_xdAvgE_Fw&quot;,&quot;video_type&quot;:&quot;youtube&quot;,&quot;controls&quot;:&quot;yes&quot;}\" data-widget_type=\"video.default\">\n\t\t\t\t\t\t\t<div class=\"elementor-wrapper elementor-open-inline\">\n\t\t\t<div class=\"elementor-video\"><\/div>\t\t<\/div>\n\t\t\t\t\t\t<\/div>\n\t\t\t\t\t<\/div>\n\t\t\t\t<\/div>\n\t\t\t\t<\/div>\n\t\t","protected":false},"excerpt":{"rendered":"<p>https:\/\/www.youtube.com\/watch?v=ssRaMe0Oclghttps:\/\/www.youtube.com\/watch?v=RuUls_d0BNshttps:\/\/www.youtube.com\/watch?v=RqcW-garFqIhttps:\/\/www.youtube.com\/watch?v=z_xdAvgE_Fw<\/p>\n","protected":false},"author":2,"featured_media":0,"parent":0,"menu_order":0,"comment_status":"closed","ping_status":"closed","template":"","meta":{"footnotes":""},"class_list":["post-1335","page","type-page","status-publish","hentry"],"yoast_head":"<!-- This site is optimized with the Yoast SEO plugin v27.4 - https:\/\/yoast.com\/product\/yoast-seo-wordpress\/ -->\n<title>En iyi se\u00e7imler detayl\u0131 incelemeler - Youtube Video \u0130ncelemeler<\/title>\n<meta name=\"description\" content=\"En iyi Se\u00e7imler Youtube Video \u0130ncelemleri i\u00e7in arad\u0131\u011f\u0131n\u0131z sayfa burda!\" \/>\n<meta name=\"robots\" content=\"index, follow, max-snippet:-1, max-image-preview:large, max-video-preview:-1\" \/>\n<link rel=\"canonical\" href=\"https:\/\/eniyisecimler.com\/index.php\/eniyisecimler-youtube-video-incelemeler\/\" \/>\n<meta property=\"og:locale\" content=\"tr_TR\" \/>\n<meta property=\"og:type\" content=\"article\" \/>\n<meta property=\"og:title\" content=\"En iyi se\u00e7imler detayl\u0131 incelemeler - Youtube Video \u0130ncelemeler\" \/>\n<meta property=\"og:description\" content=\"En iyi Se\u00e7imler Youtube Video \u0130ncelemleri i\u00e7in arad\u0131\u011f\u0131n\u0131z sayfa burda!\" \/>\n<meta property=\"og:url\" content=\"https:\/\/eniyisecimler.com\/index.php\/eniyisecimler-youtube-video-incelemeler\/\" \/>\n<meta property=\"og:site_name\" content=\"www.eniyisecimler.com\" \/>\n<meta property=\"article:modified_time\" content=\"2025-10-26T20:40:55+00:00\" \/>\n<meta name=\"twitter:card\" content=\"summary_large_image\" \/>\n<script type=\"application\/ld+json\" class=\"yoast-schema-graph\">{\"@context\":\"https:\\\/\\\/schema.org\",\"@graph\":[{\"@type\":\"WebPage\",\"@id\":\"https:\\\/\\\/eniyisecimler.com\\\/index.php\\\/eniyisecimler-youtube-video-incelemeler\\\/\",\"url\":\"https:\\\/\\\/eniyisecimler.com\\\/index.php\\\/eniyisecimler-youtube-video-incelemeler\\\/\",\"name\":\"En iyi se\u00e7imler detayl\u0131 incelemeler - Youtube Video \u0130ncelemeler\",\"isPartOf\":{\"@id\":\"https:\\\/\\\/eniyisecimler.com\\\/#website\"},\"datePublished\":\"2025-10-12T19:39:14+00:00\",\"dateModified\":\"2025-10-26T20:40:55+00:00\",\"description\":\"En iyi Se\u00e7imler Youtube Video \u0130ncelemleri i\u00e7in arad\u0131\u011f\u0131n\u0131z sayfa burda!\",\"breadcrumb\":{\"@id\":\"https:\\\/\\\/eniyisecimler.com\\\/index.php\\\/eniyisecimler-youtube-video-incelemeler\\\/#breadcrumb\"},\"inLanguage\":\"tr\",\"potentialAction\":[{\"@type\":\"ReadAction\",\"target\":[\"https:\\\/\\\/eniyisecimler.com\\\/index.php\\\/eniyisecimler-youtube-video-incelemeler\\\/\"]}]},{\"@type\":\"BreadcrumbList\",\"@id\":\"https:\\\/\\\/eniyisecimler.com\\\/index.php\\\/eniyisecimler-youtube-video-incelemeler\\\/#breadcrumb\",\"itemListElement\":[{\"@type\":\"ListItem\",\"position\":1,\"name\":\"Anasayfa\",\"item\":\"https:\\\/\\\/eniyisecimler.com\\\/\"},{\"@type\":\"ListItem\",\"position\":2,\"name\":\"Youtube \u0130ncelemeler\"}]},{\"@type\":\"WebSite\",\"@id\":\"https:\\\/\\\/eniyisecimler.com\\\/#website\",\"url\":\"https:\\\/\\\/eniyisecimler.com\\\/\",\"name\":\"www.eniyisecimler.com\",\"description\":\"En Do\u011fru &Uuml;r&uuml;n&uuml; &Ouml;neriyoruz.\",\"publisher\":{\"@id\":\"https:\\\/\\\/eniyisecimler.com\\\/#organization\"},\"potentialAction\":[{\"@type\":\"SearchAction\",\"target\":{\"@type\":\"EntryPoint\",\"urlTemplate\":\"https:\\\/\\\/eniyisecimler.com\\\/?s={search_term_string}\"},\"query-input\":{\"@type\":\"PropertyValueSpecification\",\"valueRequired\":true,\"valueName\":\"search_term_string\"}}],\"inLanguage\":\"tr\"},{\"@type\":\"Organization\",\"@id\":\"https:\\\/\\\/eniyisecimler.com\\\/#organization\",\"name\":\"www.eniyisecimler.com\",\"url\":\"https:\\\/\\\/eniyisecimler.com\\\/\",\"logo\":{\"@type\":\"ImageObject\",\"inLanguage\":\"tr\",\"@id\":\"https:\\\/\\\/eniyisecimler.com\\\/#\\\/schema\\\/logo\\\/image\\\/\",\"url\":\"https:\\\/\\\/eniyisecimler.com\\\/wp-content\\\/uploads\\\/2025\\\/10\\\/logo-3.png\",\"contentUrl\":\"https:\\\/\\\/eniyisecimler.com\\\/wp-content\\\/uploads\\\/2025\\\/10\\\/logo-3.png\",\"width\":1437,\"height\":202,\"caption\":\"www.eniyisecimler.com\"},\"image\":{\"@id\":\"https:\\\/\\\/eniyisecimler.com\\\/#\\\/schema\\\/logo\\\/image\\\/\"}}]}<\/script>\n<!-- \/ Yoast SEO plugin. -->","yoast_head_json":{"title":"En iyi se\u00e7imler detayl\u0131 incelemeler - Youtube Video \u0130ncelemeler","description":"En iyi Se\u00e7imler Youtube Video \u0130ncelemleri i\u00e7in arad\u0131\u011f\u0131n\u0131z sayfa burda!","robots":{"index":"index","follow":"follow","max-snippet":"max-snippet:-1","max-image-preview":"max-image-preview:large","max-video-preview":"max-video-preview:-1"},"canonical":"https:\/\/eniyisecimler.com\/index.php\/eniyisecimler-youtube-video-incelemeler\/","og_locale":"tr_TR","og_type":"article","og_title":"En iyi se\u00e7imler detayl\u0131 incelemeler - Youtube Video \u0130ncelemeler","og_description":"En iyi Se\u00e7imler Youtube Video \u0130ncelemleri i\u00e7in arad\u0131\u011f\u0131n\u0131z sayfa burda!","og_url":"https:\/\/eniyisecimler.com\/index.php\/eniyisecimler-youtube-video-incelemeler\/","og_site_name":"www.eniyisecimler.com","article_modified_time":"2025-10-26T20:40:55+00:00","twitter_card":"summary_large_image","schema":{"@context":"https:\/\/schema.org","@graph":[{"@type":"WebPage","@id":"https:\/\/eniyisecimler.com\/index.php\/eniyisecimler-youtube-video-incelemeler\/","url":"https:\/\/eniyisecimler.com\/index.php\/eniyisecimler-youtube-video-incelemeler\/","name":"En iyi se\u00e7imler detayl\u0131 incelemeler - Youtube Video \u0130ncelemeler","isPartOf":{"@id":"https:\/\/eniyisecimler.com\/#website"},"datePublished":"2025-10-12T19:39:14+00:00","dateModified":"2025-10-26T20:40:55+00:00","description":"En iyi Se\u00e7imler Youtube Video \u0130ncelemleri i\u00e7in arad\u0131\u011f\u0131n\u0131z sayfa burda!","breadcrumb":{"@id":"https:\/\/eniyisecimler.com\/index.php\/eniyisecimler-youtube-video-incelemeler\/#breadcrumb"},"inLanguage":"tr","potentialAction":[{"@type":"ReadAction","target":["https:\/\/eniyisecimler.com\/index.php\/eniyisecimler-youtube-video-incelemeler\/"]}]},{"@type":"BreadcrumbList","@id":"https:\/\/eniyisecimler.com\/index.php\/eniyisecimler-youtube-video-incelemeler\/#breadcrumb","itemListElement":[{"@type":"ListItem","position":1,"name":"Anasayfa","item":"https:\/\/eniyisecimler.com\/"},{"@type":"ListItem","position":2,"name":"Youtube \u0130ncelemeler"}]},{"@type":"WebSite","@id":"https:\/\/eniyisecimler.com\/#website","url":"https:\/\/eniyisecimler.com\/","name":"www.eniyisecimler.com","description":"En Do\u011fru &Uuml;r&uuml;n&uuml; &Ouml;neriyoruz.","publisher":{"@id":"https:\/\/eniyisecimler.com\/#organization"},"potentialAction":[{"@type":"SearchAction","target":{"@type":"EntryPoint","urlTemplate":"https:\/\/eniyisecimler.com\/?s={search_term_string}"},"query-input":{"@type":"PropertyValueSpecification","valueRequired":true,"valueName":"search_term_string"}}],"inLanguage":"tr"},{"@type":"Organization","@id":"https:\/\/eniyisecimler.com\/#organization","name":"www.eniyisecimler.com","url":"https:\/\/eniyisecimler.com\/","logo":{"@type":"ImageObject","inLanguage":"tr","@id":"https:\/\/eniyisecimler.com\/#\/schema\/logo\/image\/","url":"https:\/\/eniyisecimler.com\/wp-content\/uploads\/2025\/10\/logo-3.png","contentUrl":"https:\/\/eniyisecimler.com\/wp-content\/uploads\/2025\/10\/logo-3.png","width":1437,"height":202,"caption":"www.eniyisecimler.com"},"image":{"@id":"https:\/\/eniyisecimler.com\/#\/schema\/logo\/image\/"}}]}},"_links":{"self":[{"href":"https:\/\/eniyisecimler.com\/index.php\/wp-json\/wp\/v2\/pages\/1335","targetHints":{"allow":["GET"]}}],"collection":[{"href":"https:\/\/eniyisecimler.com\/index.php\/wp-json\/wp\/v2\/pages"}],"about":[{"href":"https:\/\/eniyisecimler.com\/index.php\/wp-json\/wp\/v2\/types\/page"}],"author":[{"embeddable":true,"href":"https:\/\/eniyisecimler.com\/index.php\/wp-json\/wp\/v2\/users\/2"}],"replies":[{"embeddable":true,"href":"https:\/\/eniyisecimler.com\/index.php\/wp-json\/wp\/v2\/comments?post=1335"}],"version-history":[{"count":22,"href":"https:\/\/eniyisecimler.com\/index.php\/wp-json\/wp\/v2\/pages\/1335\/revisions"}],"predecessor-version":[{"id":1467,"href":"https:\/\/eniyisecimler.com\/index.php\/wp-json\/wp\/v2\/pages\/1335\/revisions\/1467"}],"wp:attachment":[{"href":"https:\/\/eniyisecimler.com\/index.php\/wp-json\/wp\/v2\/media?parent=1335"}],"curies":[{"name":"wp","href":"https:\/\/api.w.org\/{rel}","templated":true}]}}