{"id":1338,"date":"2025-10-12T19:52:08","date_gmt":"2025-10-12T19:52:08","guid":{"rendered":"https:\/\/eniyisecimler.com\/?page_id=1338"},"modified":"2025-10-26T20:49:33","modified_gmt":"2025-10-26T20:49:33","slug":"indirim-haberleri","status":"publish","type":"page","link":"https:\/\/eniyisecimler.com\/index.php\/indirim-haberleri\/","title":{"rendered":"\u0130ndirim Haberleri"},"content":{"rendered":"\t\t<div data-elementor-type=\"wp-page\" data-elementor-id=\"1338\" class=\"elementor elementor-1338\">\n\t\t\t\t<div class=\"elementor-element elementor-element-4f38946a e-flex e-con-boxed e-con e-parent\" data-id=\"4f38946a\" data-element_type=\"container\" data-e-type=\"container\">\n\t\t\t\t\t<div class=\"e-con-inner\">\n\t\t\t\t<div class=\"elementor-element elementor-element-7f3d173 elementor-widget elementor-widget-text-editor\" data-id=\"7f3d173\" data-element_type=\"widget\" data-e-type=\"widget\" data-widget_type=\"text-editor.default\">\n\t\t\t\t\t\t\t\t\t\n<figure class=\"wp-block-gallery has-nested-images columns-default is-cropped wp-block-gallery-2 is-layout-flex wp-block-gallery-is-layout-flex\">\n<figure class=\"wp-block-image size-large\"><img fetchpriority=\"high\" decoding=\"async\" width=\"683\" height=\"1024\" data-id=\"1340\" class=\"wp-image-1340\" src=\"https:\/\/eniyisecimler.com\/wp-content\/uploads\/2025\/10\/a101-683x1024.webp\" alt=\"\" srcset=\"https:\/\/eniyisecimler.com\/wp-content\/uploads\/2025\/10\/a101-683x1024.webp 683w, https:\/\/eniyisecimler.com\/wp-content\/uploads\/2025\/10\/a101-200x300.webp 200w, https:\/\/eniyisecimler.com\/wp-content\/uploads\/2025\/10\/a101-768x1152.webp 768w, https:\/\/eniyisecimler.com\/wp-content\/uploads\/2025\/10\/a101-1024x1536.webp 1024w, https:\/\/eniyisecimler.com\/wp-content\/uploads\/2025\/10\/a101.webp 1127w\" sizes=\"(max-width: 683px) 100vw, 683px\" \/><\/figure>\n\n<figure class=\"wp-block-image size-large\"><img decoding=\"async\" width=\"683\" height=\"1024\" data-id=\"1339\" class=\"wp-image-1339\" src=\"https:\/\/eniyisecimler.com\/wp-content\/uploads\/2025\/10\/bim-683x1024.jpg\" alt=\"\" srcset=\"https:\/\/eniyisecimler.com\/wp-content\/uploads\/2025\/10\/bim-683x1024.jpg 683w, https:\/\/eniyisecimler.com\/wp-content\/uploads\/2025\/10\/bim-200x300.jpg 200w, https:\/\/eniyisecimler.com\/wp-content\/uploads\/2025\/10\/bim-768x1152.jpg 768w, https:\/\/eniyisecimler.com\/wp-content\/uploads\/2025\/10\/bim.jpg 940w\" sizes=\"(max-width: 683px) 100vw, 683px\" \/><\/figure>\n<\/figure>\n\n<figure class=\"wp-block-image size-full\"><img decoding=\"async\" width=\"557\" height=\"720\" class=\"wp-image-1469\" src=\"https:\/\/eniyisecimler.com\/wp-content\/uploads\/2025\/10\/bim_kampanya_1.png\" alt=\"\" srcset=\"https:\/\/eniyisecimler.com\/wp-content\/uploads\/2025\/10\/bim_kampanya_1.png 557w, https:\/\/eniyisecimler.com\/wp-content\/uploads\/2025\/10\/bim_kampanya_1-232x300.png 232w\" sizes=\"(max-width: 557px) 100vw, 557px\" \/><\/figure>\n\t\t\t\t\t\t\t\t<\/div>\n\t\t\t\t\t<\/div>\n\t\t\t\t<\/div>\n\t\t\t\t<\/div>\n\t\t","protected":false},"excerpt":{"rendered":"","protected":false},"author":2,"featured_media":0,"parent":0,"menu_order":0,"comment_status":"closed","ping_status":"closed","template":"","meta":{"footnotes":""},"class_list":["post-1338","page","type-page","status-publish","hentry"],"yoast_head":"<!-- This site is optimized with the Yoast SEO plugin v27.4 - https:\/\/yoast.com\/product\/yoast-seo-wordpress\/ -->\n<title>T\u00fcm Marketler \u0130ndirim Haberleri Akt\u00fceller<\/title>\n<meta name=\"description\" content=\"T\u00fcm marketlerdeki haftal\u0131k indirim haberleri akt\u00fceller burda!\" \/>\n<meta name=\"robots\" content=\"index, follow, max-snippet:-1, max-image-preview:large, max-video-preview:-1\" \/>\n<link rel=\"canonical\" href=\"https:\/\/eniyisecimler.com\/index.php\/indirim-haberleri\/\" \/>\n<meta property=\"og:locale\" content=\"tr_TR\" \/>\n<meta property=\"og:type\" content=\"article\" \/>\n<meta property=\"og:title\" content=\"T\u00fcm Marketler \u0130ndirim Haberleri Akt\u00fceller\" \/>\n<meta property=\"og:description\" content=\"T\u00fcm marketlerdeki haftal\u0131k indirim haberleri akt\u00fceller burda!\" \/>\n<meta property=\"og:url\" content=\"https:\/\/eniyisecimler.com\/index.php\/indirim-haberleri\/\" \/>\n<meta property=\"og:site_name\" content=\"www.eniyisecimler.com\" \/>\n<meta property=\"article:modified_time\" content=\"2025-10-26T20:49:33+00:00\" \/>\n<meta property=\"og:image\" content=\"https:\/\/eniyisecimler.com\/wp-content\/uploads\/2025\/10\/a101-683x1024.webp\" \/>\n<meta name=\"twitter:card\" content=\"summary_large_image\" \/>\n<meta name=\"twitter:label1\" content=\"Tahmini okuma s\u00fcresi\" \/>\n\t<meta name=\"twitter:data1\" content=\"1 dakika\" \/>\n<script type=\"application\/ld+json\" class=\"yoast-schema-graph\">{\"@context\":\"https:\\\/\\\/schema.org\",\"@graph\":[{\"@type\":\"WebPage\",\"@id\":\"https:\\\/\\\/eniyisecimler.com\\\/index.php\\\/indirim-haberleri\\\/\",\"url\":\"https:\\\/\\\/eniyisecimler.com\\\/index.php\\\/indirim-haberleri\\\/\",\"name\":\"T\u00fcm Marketler \u0130ndirim Haberleri Akt\u00fceller\",\"isPartOf\":{\"@id\":\"https:\\\/\\\/eniyisecimler.com\\\/#website\"},\"primaryImageOfPage\":{\"@id\":\"https:\\\/\\\/eniyisecimler.com\\\/index.php\\\/indirim-haberleri\\\/#primaryimage\"},\"image\":{\"@id\":\"https:\\\/\\\/eniyisecimler.com\\\/index.php\\\/indirim-haberleri\\\/#primaryimage\"},\"thumbnailUrl\":\"https:\\\/\\\/eniyisecimler.com\\\/wp-content\\\/uploads\\\/2025\\\/10\\\/a101-683x1024.webp\",\"datePublished\":\"2025-10-12T19:52:08+00:00\",\"dateModified\":\"2025-10-26T20:49:33+00:00\",\"description\":\"T\u00fcm marketlerdeki haftal\u0131k indirim haberleri akt\u00fceller burda!\",\"breadcrumb\":{\"@id\":\"https:\\\/\\\/eniyisecimler.com\\\/index.php\\\/indirim-haberleri\\\/#breadcrumb\"},\"inLanguage\":\"tr\",\"potentialAction\":[{\"@type\":\"ReadAction\",\"target\":[\"https:\\\/\\\/eniyisecimler.com\\\/index.php\\\/indirim-haberleri\\\/\"]}]},{\"@type\":\"ImageObject\",\"inLanguage\":\"tr\",\"@id\":\"https:\\\/\\\/eniyisecimler.com\\\/index.php\\\/indirim-haberleri\\\/#primaryimage\",\"url\":\"https:\\\/\\\/eniyisecimler.com\\\/wp-content\\\/uploads\\\/2025\\\/10\\\/a101.webp\",\"contentUrl\":\"https:\\\/\\\/eniyisecimler.com\\\/wp-content\\\/uploads\\\/2025\\\/10\\\/a101.webp\",\"width\":1127,\"height\":1690},{\"@type\":\"BreadcrumbList\",\"@id\":\"https:\\\/\\\/eniyisecimler.com\\\/index.php\\\/indirim-haberleri\\\/#breadcrumb\",\"itemListElement\":[{\"@type\":\"ListItem\",\"position\":1,\"name\":\"Anasayfa\",\"item\":\"https:\\\/\\\/eniyisecimler.com\\\/\"},{\"@type\":\"ListItem\",\"position\":2,\"name\":\"\u0130ndirim Haberleri\"}]},{\"@type\":\"WebSite\",\"@id\":\"https:\\\/\\\/eniyisecimler.com\\\/#website\",\"url\":\"https:\\\/\\\/eniyisecimler.com\\\/\",\"name\":\"www.eniyisecimler.com\",\"description\":\"En Do\u011fru &Uuml;r&uuml;n&uuml; &Ouml;neriyoruz.\",\"publisher\":{\"@id\":\"https:\\\/\\\/eniyisecimler.com\\\/#organization\"},\"potentialAction\":[{\"@type\":\"SearchAction\",\"target\":{\"@type\":\"EntryPoint\",\"urlTemplate\":\"https:\\\/\\\/eniyisecimler.com\\\/?s={search_term_string}\"},\"query-input\":{\"@type\":\"PropertyValueSpecification\",\"valueRequired\":true,\"valueName\":\"search_term_string\"}}],\"inLanguage\":\"tr\"},{\"@type\":\"Organization\",\"@id\":\"https:\\\/\\\/eniyisecimler.com\\\/#organization\",\"name\":\"www.eniyisecimler.com\",\"url\":\"https:\\\/\\\/eniyisecimler.com\\\/\",\"logo\":{\"@type\":\"ImageObject\",\"inLanguage\":\"tr\",\"@id\":\"https:\\\/\\\/eniyisecimler.com\\\/#\\\/schema\\\/logo\\\/image\\\/\",\"url\":\"https:\\\/\\\/eniyisecimler.com\\\/wp-content\\\/uploads\\\/2025\\\/10\\\/logo-3.png\",\"contentUrl\":\"https:\\\/\\\/eniyisecimler.com\\\/wp-content\\\/uploads\\\/2025\\\/10\\\/logo-3.png\",\"width\":1437,\"height\":202,\"caption\":\"www.eniyisecimler.com\"},\"image\":{\"@id\":\"https:\\\/\\\/eniyisecimler.com\\\/#\\\/schema\\\/logo\\\/image\\\/\"}}]}<\/script>\n<!-- \/ Yoast SEO plugin. -->","yoast_head_json":{"title":"T\u00fcm Marketler \u0130ndirim Haberleri Akt\u00fceller","description":"T\u00fcm marketlerdeki haftal\u0131k indirim haberleri akt\u00fceller burda!","robots":{"index":"index","follow":"follow","max-snippet":"max-snippet:-1","max-image-preview":"max-image-preview:large","max-video-preview":"max-video-preview:-1"},"canonical":"https:\/\/eniyisecimler.com\/index.php\/indirim-haberleri\/","og_locale":"tr_TR","og_type":"article","og_title":"T\u00fcm Marketler \u0130ndirim Haberleri Akt\u00fceller","og_description":"T\u00fcm marketlerdeki haftal\u0131k indirim haberleri akt\u00fceller burda!","og_url":"https:\/\/eniyisecimler.com\/index.php\/indirim-haberleri\/","og_site_name":"www.eniyisecimler.com","article_modified_time":"2025-10-26T20:49:33+00:00","og_image":[{"url":"https:\/\/eniyisecimler.com\/wp-content\/uploads\/2025\/10\/a101-683x1024.webp","type":"","width":"","height":""}],"twitter_card":"summary_large_image","twitter_misc":{"Tahmini okuma s\u00fcresi":"1 dakika"},"schema":{"@context":"https:\/\/schema.org","@graph":[{"@type":"WebPage","@id":"https:\/\/eniyisecimler.com\/index.php\/indirim-haberleri\/","url":"https:\/\/eniyisecimler.com\/index.php\/indirim-haberleri\/","name":"T\u00fcm Marketler \u0130ndirim Haberleri Akt\u00fceller","isPartOf":{"@id":"https:\/\/eniyisecimler.com\/#website"},"primaryImageOfPage":{"@id":"https:\/\/eniyisecimler.com\/index.php\/indirim-haberleri\/#primaryimage"},"image":{"@id":"https:\/\/eniyisecimler.com\/index.php\/indirim-haberleri\/#primaryimage"},"thumbnailUrl":"https:\/\/eniyisecimler.com\/wp-content\/uploads\/2025\/10\/a101-683x1024.webp","datePublished":"2025-10-12T19:52:08+00:00","dateModified":"2025-10-26T20:49:33+00:00","description":"T\u00fcm marketlerdeki haftal\u0131k indirim haberleri akt\u00fceller burda!","breadcrumb":{"@id":"https:\/\/eniyisecimler.com\/index.php\/indirim-haberleri\/#breadcrumb"},"inLanguage":"tr","potentialAction":[{"@type":"ReadAction","target":["https:\/\/eniyisecimler.com\/index.php\/indirim-haberleri\/"]}]},{"@type":"ImageObject","inLanguage":"tr","@id":"https:\/\/eniyisecimler.com\/index.php\/indirim-haberleri\/#primaryimage","url":"https:\/\/eniyisecimler.com\/wp-content\/uploads\/2025\/10\/a101.webp","contentUrl":"https:\/\/eniyisecimler.com\/wp-content\/uploads\/2025\/10\/a101.webp","width":1127,"height":1690},{"@type":"BreadcrumbList","@id":"https:\/\/eniyisecimler.com\/index.php\/indirim-haberleri\/#breadcrumb","itemListElement":[{"@type":"ListItem","position":1,"name":"Anasayfa","item":"https:\/\/eniyisecimler.com\/"},{"@type":"ListItem","position":2,"name":"\u0130ndirim Haberleri"}]},{"@type":"WebSite","@id":"https:\/\/eniyisecimler.com\/#website","url":"https:\/\/eniyisecimler.com\/","name":"www.eniyisecimler.com","description":"En Do\u011fru &Uuml;r&uuml;n&uuml; &Ouml;neriyoruz.","publisher":{"@id":"https:\/\/eniyisecimler.com\/#organization"},"potentialAction":[{"@type":"SearchAction","target":{"@type":"EntryPoint","urlTemplate":"https:\/\/eniyisecimler.com\/?s={search_term_string}"},"query-input":{"@type":"PropertyValueSpecification","valueRequired":true,"valueName":"search_term_string"}}],"inLanguage":"tr"},{"@type":"Organization","@id":"https:\/\/eniyisecimler.com\/#organization","name":"www.eniyisecimler.com","url":"https:\/\/eniyisecimler.com\/","logo":{"@type":"ImageObject","inLanguage":"tr","@id":"https:\/\/eniyisecimler.com\/#\/schema\/logo\/image\/","url":"https:\/\/eniyisecimler.com\/wp-content\/uploads\/2025\/10\/logo-3.png","contentUrl":"https:\/\/eniyisecimler.com\/wp-content\/uploads\/2025\/10\/logo-3.png","width":1437,"height":202,"caption":"www.eniyisecimler.com"},"image":{"@id":"https:\/\/eniyisecimler.com\/#\/schema\/logo\/image\/"}}]}},"_links":{"self":[{"href":"https:\/\/eniyisecimler.com\/index.php\/wp-json\/wp\/v2\/pages\/1338","targetHints":{"allow":["GET"]}}],"collection":[{"href":"https:\/\/eniyisecimler.com\/index.php\/wp-json\/wp\/v2\/pages"}],"about":[{"href":"https:\/\/eniyisecimler.com\/index.php\/wp-json\/wp\/v2\/types\/page"}],"author":[{"embeddable":true,"href":"https:\/\/eniyisecimler.com\/index.php\/wp-json\/wp\/v2\/users\/2"}],"replies":[{"embeddable":true,"href":"https:\/\/eniyisecimler.com\/index.php\/wp-json\/wp\/v2\/comments?post=1338"}],"version-history":[{"count":5,"href":"https:\/\/eniyisecimler.com\/index.php\/wp-json\/wp\/v2\/pages\/1338\/revisions"}],"predecessor-version":[{"id":1473,"href":"https:\/\/eniyisecimler.com\/index.php\/wp-json\/wp\/v2\/pages\/1338\/revisions\/1473"}],"wp:attachment":[{"href":"https:\/\/eniyisecimler.com\/index.php\/wp-json\/wp\/v2\/media?parent=1338"}],"curies":[{"name":"wp","href":"https:\/\/api.w.org\/{rel}","templated":true}]}}